{"id":5350,"date":"2026-04-19T13:17:42","date_gmt":"2026-04-19T11:17:42","guid":{"rendered":"https:\/\/glaslabor.ch\/?post_type=product&#038;p=5350"},"modified":"2026-04-19T13:34:51","modified_gmt":"2026-04-19T11:34:51","slug":"radix-glas-gross-1","status":"publish","type":"product","link":"https:\/\/glaslabor.ch\/en\/product\/radix-glas-gross-1\/","title":{"rendered":"Radix-Glas Gross"},"content":{"rendered":"<div>Im Radix-Glas k\u00f6nnen Sie Blumenzwiebeln und Gem\u00fcseknollen anziehen und dabei das Wachstum der Pflanze sowie die Entwicklung des Wurzelwerks beobachten. Eine spezielle Verengung im Hals der Vase bildet einen Zwischenboden, auf dem die Zwiebel oder Knolle schwebt \u2013 ganz ohne direkten Kontakt mit dem Wasser.<\/div>\n<p>Das Radix-Glas Gross eignet sich besonders gut f\u00fcr das Anziehen der Amaryllis in ihrer \u00fcppigen Bl\u00fctenpracht. Sehr gut funktioniert es auch mit Randen, Kohlrabi oder Knollensellerie. Hilfe bietet der mitgelieferte <a href=\"https:\/\/glaslabor.ch\/produkt\/knollen-adapter\/\" target=\"_blank\" rel=\"noopener\">Knollenadapter<\/a> bei Knollen oder Zwiebeln, die zu klein sind und sonst durch die \u00d6ffnung fallen w\u00fcrden, wie beispielsweise bei Begonien. Mit etwas Geschick beim Arrangieren lassen sich mit seiner Hilfe zudem die h\u00fcbschen Traubenhyazinthen zum Bl\u00fchen bringen.<\/p>\n<p>Die gesammelten Erfahrungen, n\u00fctzliche Tipps und detaillierte Anleitungen zum Anziehen dieser und weiterer Pflanzen im Radix-Glas finden Sie in der zu jedem Radix-Glas mitgelieferten <a href=\"https:\/\/glaslabor.ch\/produkt\/broschuere-radix\/\" target=\"_blank\" rel=\"noopener\">Brosch\u00fcre Radix<\/a>.<\/p>\n<p>H\u00f6he: 33 cm, \u00f8 13.5 cm, \u00f8 \u00d6ffnung ca. 7.5cm, Borosilikatglas<\/p>\n","protected":false},"excerpt":{"rendered":"<p>Im Radix-Glas k\u00f6nnen Sie Blumenzwiebeln und Gem\u00fcseknollen anziehen und dabei das Wachstum der Pflanze sowie die Entwicklung des Wurzelwerks beobachten. Eine spezielle Verengung im Hals der Vase bildet einen Zwischenboden, auf dem die Zwiebel oder Knolle schwebt \u2013 ganz ohne direkten Kontakt mit dem Wasser. Das Radix-Glas Gross eignet sich besonders gut f\u00fcr das Anziehen [&hellip;]<\/p>\n","protected":false},"featured_media":5030,"template":"","meta":{"_acf_changed":false},"product_brand":[],"product_cat":[],"product_tag":[],"class_list":{"0":"post-5350","1":"product","2":"type-product","3":"status-publish","4":"has-post-thumbnail","7":"first","8":"instock","9":"purchasable","10":"product-type-variable"},"acf":[],"yoast_head":"<!-- This site is optimized with the Yoast SEO plugin v27.4 - https:\/\/yoast.com\/product\/yoast-seo-wordpress\/ -->\n<title>Radix-Glas Gross - Glaslabor<\/title>\n<meta name=\"description\" content=\"Im Radix-Glas lassen sich Blumenzwiebeln und Gem\u00fcseknollen anziehen und das Wachstum von Pflanze und Wurzelwerk beobachten.\" \/>\n<meta name=\"robots\" content=\"index, follow, max-snippet:-1, max-image-preview:large, max-video-preview:-1\" \/>\n<link rel=\"canonical\" href=\"https:\/\/glaslabor.ch\/en\/product\/radix-glas-gross-1\/\" \/>\n<meta property=\"og:locale\" content=\"en_US\" \/>\n<meta property=\"og:type\" content=\"article\" \/>\n<meta property=\"og:title\" content=\"Radix-Glas Gross - Glaslabor\" \/>\n<meta property=\"og:description\" content=\"Im Radix-Glas lassen sich Blumenzwiebeln und Gem\u00fcseknollen anziehen und das Wachstum von Pflanze und Wurzelwerk beobachten.\" \/>\n<meta property=\"og:url\" content=\"https:\/\/glaslabor.ch\/en\/product\/radix-glas-gross-1\/\" \/>\n<meta property=\"og:site_name\" content=\"Glaslabor\" \/>\n<meta property=\"article:publisher\" content=\"https:\/\/www.facebook.com\/Glaslabor\" \/>\n<meta property=\"article:modified_time\" content=\"2026-04-19T11:34:51+00:00\" \/>\n<meta property=\"og:image\" content=\"https:\/\/glaslabor.ch\/wp-content\/uploads\/2025\/05\/DSC0207_2_web-2.jpg\" \/>\n\t<meta property=\"og:image:width\" content=\"1200\" \/>\n\t<meta property=\"og:image:height\" content=\"1800\" \/>\n\t<meta property=\"og:image:type\" content=\"image\/jpeg\" \/>\n<meta name=\"twitter:card\" content=\"summary_large_image\" \/>\n<meta name=\"twitter:label1\" content=\"Est. reading time\" \/>\n\t<meta name=\"twitter:data1\" content=\"1 minute\" \/>\n<script type=\"application\/ld+json\" class=\"yoast-schema-graph\">{\"@context\":\"https:\\\/\\\/schema.org\",\"@graph\":[{\"@type\":\"WebPage\",\"@id\":\"https:\\\/\\\/glaslabor.ch\\\/en\\\/product\\\/radix-glas-gross-1\\\/\",\"url\":\"https:\\\/\\\/glaslabor.ch\\\/en\\\/product\\\/radix-glas-gross-1\\\/\",\"name\":\"Radix-Glas Gross - Glaslabor\",\"isPartOf\":{\"@id\":\"https:\\\/\\\/glaslabor.ch\\\/en\\\/#website\"},\"primaryImageOfPage\":{\"@id\":\"https:\\\/\\\/glaslabor.ch\\\/en\\\/product\\\/radix-glas-gross-1\\\/#primaryimage\"},\"image\":{\"@id\":\"https:\\\/\\\/glaslabor.ch\\\/en\\\/product\\\/radix-glas-gross-1\\\/#primaryimage\"},\"thumbnailUrl\":\"https:\\\/\\\/glaslabor.ch\\\/wp-content\\\/uploads\\\/2025\\\/05\\\/DSC0207_2_web-2.jpg\",\"datePublished\":\"2026-04-19T11:17:42+00:00\",\"dateModified\":\"2026-04-19T11:34:51+00:00\",\"description\":\"Im Radix-Glas lassen sich Blumenzwiebeln und Gem\u00fcseknollen anziehen und das Wachstum von Pflanze und Wurzelwerk beobachten.\",\"breadcrumb\":{\"@id\":\"https:\\\/\\\/glaslabor.ch\\\/en\\\/product\\\/radix-glas-gross-1\\\/#breadcrumb\"},\"inLanguage\":\"en-US\",\"potentialAction\":[{\"@type\":\"ReadAction\",\"target\":[\"https:\\\/\\\/glaslabor.ch\\\/en\\\/product\\\/radix-glas-gross-1\\\/\"]}]},{\"@type\":\"ImageObject\",\"inLanguage\":\"en-US\",\"@id\":\"https:\\\/\\\/glaslabor.ch\\\/en\\\/product\\\/radix-glas-gross-1\\\/#primaryimage\",\"url\":\"https:\\\/\\\/glaslabor.ch\\\/wp-content\\\/uploads\\\/2025\\\/05\\\/DSC0207_2_web-2.jpg\",\"contentUrl\":\"https:\\\/\\\/glaslabor.ch\\\/wp-content\\\/uploads\\\/2025\\\/05\\\/DSC0207_2_web-2.jpg\",\"width\":1200,\"height\":1800},{\"@type\":\"BreadcrumbList\",\"@id\":\"https:\\\/\\\/glaslabor.ch\\\/en\\\/product\\\/radix-glas-gross-1\\\/#breadcrumb\",\"itemListElement\":[{\"@type\":\"ListItem\",\"position\":1,\"name\":\"Startseite\",\"item\":\"https:\\\/\\\/glaslabor.ch\\\/en\\\/\"},{\"@type\":\"ListItem\",\"position\":2,\"name\":\"Shop\",\"item\":\"https:\\\/\\\/glaslabor.ch\\\/en\\\/shop-2\\\/\"},{\"@type\":\"ListItem\",\"position\":3,\"name\":\"Radix-Glas Gross\"}]},{\"@type\":\"WebSite\",\"@id\":\"https:\\\/\\\/glaslabor.ch\\\/en\\\/#website\",\"url\":\"https:\\\/\\\/glaslabor.ch\\\/en\\\/\",\"name\":\"Glaslabor \u2013 Handgefertigte Glasprodukte aus Bern\",\"description\":\"Handmade Glass Vessels\",\"publisher\":{\"@id\":\"https:\\\/\\\/glaslabor.ch\\\/en\\\/#organization\"},\"potentialAction\":[{\"@type\":\"SearchAction\",\"target\":{\"@type\":\"EntryPoint\",\"urlTemplate\":\"https:\\\/\\\/glaslabor.ch\\\/en\\\/?s={search_term_string}\"},\"query-input\":{\"@type\":\"PropertyValueSpecification\",\"valueRequired\":true,\"valueName\":\"search_term_string\"}}],\"inLanguage\":\"en-US\"},{\"@type\":\"Organization\",\"@id\":\"https:\\\/\\\/glaslabor.ch\\\/en\\\/#organization\",\"name\":\"Glaslabor\",\"url\":\"https:\\\/\\\/glaslabor.ch\\\/en\\\/\",\"logo\":{\"@type\":\"ImageObject\",\"inLanguage\":\"en-US\",\"@id\":\"https:\\\/\\\/glaslabor.ch\\\/en\\\/#\\\/schema\\\/logo\\\/image\\\/\",\"url\":\"https:\\\/\\\/glaslabor.ch\\\/wp-content\\\/uploads\\\/2021\\\/05\\\/Screenshot-2021-05-27-at-14.25.36-e1622119690582.png\",\"contentUrl\":\"https:\\\/\\\/glaslabor.ch\\\/wp-content\\\/uploads\\\/2021\\\/05\\\/Screenshot-2021-05-27-at-14.25.36-e1622119690582.png\",\"width\":150,\"height\":35,\"caption\":\"Glaslabor\"},\"image\":{\"@id\":\"https:\\\/\\\/glaslabor.ch\\\/en\\\/#\\\/schema\\\/logo\\\/image\\\/\"},\"sameAs\":[\"https:\\\/\\\/www.facebook.com\\\/Glaslabor\",\"https:\\\/\\\/www.instagram.com\\\/glaslabor\\\/\"]}]}<\/script>\n<!-- \/ Yoast SEO plugin. -->","yoast_head_json":{"title":"Radix-Glas Gross - Glaslabor","description":"Im Radix-Glas lassen sich Blumenzwiebeln und Gem\u00fcseknollen anziehen und das Wachstum von Pflanze und Wurzelwerk beobachten.","robots":{"index":"index","follow":"follow","max-snippet":"max-snippet:-1","max-image-preview":"max-image-preview:large","max-video-preview":"max-video-preview:-1"},"canonical":"https:\/\/glaslabor.ch\/en\/product\/radix-glas-gross-1\/","og_locale":"en_US","og_type":"article","og_title":"Radix-Glas Gross - Glaslabor","og_description":"Im Radix-Glas lassen sich Blumenzwiebeln und Gem\u00fcseknollen anziehen und das Wachstum von Pflanze und Wurzelwerk beobachten.","og_url":"https:\/\/glaslabor.ch\/en\/product\/radix-glas-gross-1\/","og_site_name":"Glaslabor","article_publisher":"https:\/\/www.facebook.com\/Glaslabor","article_modified_time":"2026-04-19T11:34:51+00:00","og_image":[{"width":1200,"height":1800,"url":"https:\/\/glaslabor.ch\/wp-content\/uploads\/2025\/05\/DSC0207_2_web-2.jpg","type":"image\/jpeg"}],"twitter_card":"summary_large_image","twitter_misc":{"Est. reading time":"1 minute"},"schema":{"@context":"https:\/\/schema.org","@graph":[{"@type":"WebPage","@id":"https:\/\/glaslabor.ch\/en\/product\/radix-glas-gross-1\/","url":"https:\/\/glaslabor.ch\/en\/product\/radix-glas-gross-1\/","name":"Radix-Glas Gross - Glaslabor","isPartOf":{"@id":"https:\/\/glaslabor.ch\/en\/#website"},"primaryImageOfPage":{"@id":"https:\/\/glaslabor.ch\/en\/product\/radix-glas-gross-1\/#primaryimage"},"image":{"@id":"https:\/\/glaslabor.ch\/en\/product\/radix-glas-gross-1\/#primaryimage"},"thumbnailUrl":"https:\/\/glaslabor.ch\/wp-content\/uploads\/2025\/05\/DSC0207_2_web-2.jpg","datePublished":"2026-04-19T11:17:42+00:00","dateModified":"2026-04-19T11:34:51+00:00","description":"Im Radix-Glas lassen sich Blumenzwiebeln und Gem\u00fcseknollen anziehen und das Wachstum von Pflanze und Wurzelwerk beobachten.","breadcrumb":{"@id":"https:\/\/glaslabor.ch\/en\/product\/radix-glas-gross-1\/#breadcrumb"},"inLanguage":"en-US","potentialAction":[{"@type":"ReadAction","target":["https:\/\/glaslabor.ch\/en\/product\/radix-glas-gross-1\/"]}]},{"@type":"ImageObject","inLanguage":"en-US","@id":"https:\/\/glaslabor.ch\/en\/product\/radix-glas-gross-1\/#primaryimage","url":"https:\/\/glaslabor.ch\/wp-content\/uploads\/2025\/05\/DSC0207_2_web-2.jpg","contentUrl":"https:\/\/glaslabor.ch\/wp-content\/uploads\/2025\/05\/DSC0207_2_web-2.jpg","width":1200,"height":1800},{"@type":"BreadcrumbList","@id":"https:\/\/glaslabor.ch\/en\/product\/radix-glas-gross-1\/#breadcrumb","itemListElement":[{"@type":"ListItem","position":1,"name":"Startseite","item":"https:\/\/glaslabor.ch\/en\/"},{"@type":"ListItem","position":2,"name":"Shop","item":"https:\/\/glaslabor.ch\/en\/shop-2\/"},{"@type":"ListItem","position":3,"name":"Radix-Glas Gross"}]},{"@type":"WebSite","@id":"https:\/\/glaslabor.ch\/en\/#website","url":"https:\/\/glaslabor.ch\/en\/","name":"Glaslabor \u2013 Handgefertigte Glasprodukte aus Bern","description":"Handmade Glass Vessels","publisher":{"@id":"https:\/\/glaslabor.ch\/en\/#organization"},"potentialAction":[{"@type":"SearchAction","target":{"@type":"EntryPoint","urlTemplate":"https:\/\/glaslabor.ch\/en\/?s={search_term_string}"},"query-input":{"@type":"PropertyValueSpecification","valueRequired":true,"valueName":"search_term_string"}}],"inLanguage":"en-US"},{"@type":"Organization","@id":"https:\/\/glaslabor.ch\/en\/#organization","name":"Glaslabor","url":"https:\/\/glaslabor.ch\/en\/","logo":{"@type":"ImageObject","inLanguage":"en-US","@id":"https:\/\/glaslabor.ch\/en\/#\/schema\/logo\/image\/","url":"https:\/\/glaslabor.ch\/wp-content\/uploads\/2021\/05\/Screenshot-2021-05-27-at-14.25.36-e1622119690582.png","contentUrl":"https:\/\/glaslabor.ch\/wp-content\/uploads\/2021\/05\/Screenshot-2021-05-27-at-14.25.36-e1622119690582.png","width":150,"height":35,"caption":"Glaslabor"},"image":{"@id":"https:\/\/glaslabor.ch\/en\/#\/schema\/logo\/image\/"},"sameAs":["https:\/\/www.facebook.com\/Glaslabor","https:\/\/www.instagram.com\/glaslabor\/"]}]}},"_links":{"self":[{"href":"https:\/\/glaslabor.ch\/en\/wp-json\/wp\/v2\/product\/5350","targetHints":{"allow":["GET"]}}],"collection":[{"href":"https:\/\/glaslabor.ch\/en\/wp-json\/wp\/v2\/product"}],"about":[{"href":"https:\/\/glaslabor.ch\/en\/wp-json\/wp\/v2\/types\/product"}],"wp:featuredmedia":[{"embeddable":true,"href":"https:\/\/glaslabor.ch\/en\/wp-json\/wp\/v2\/media\/5030"}],"wp:attachment":[{"href":"https:\/\/glaslabor.ch\/en\/wp-json\/wp\/v2\/media?parent=5350"}],"wp:term":[{"taxonomy":"product_brand","embeddable":true,"href":"https:\/\/glaslabor.ch\/en\/wp-json\/wp\/v2\/product_brand?post=5350"},{"taxonomy":"product_cat","embeddable":true,"href":"https:\/\/glaslabor.ch\/en\/wp-json\/wp\/v2\/product_cat?post=5350"},{"taxonomy":"product_tag","embeddable":true,"href":"https:\/\/glaslabor.ch\/en\/wp-json\/wp\/v2\/product_tag?post=5350"}],"curies":[{"name":"wp","href":"https:\/\/api.w.org\/{rel}","templated":true}]}}